{"id":3139,"date":"2021-11-18T15:53:04","date_gmt":"2021-11-18T14:53:04","guid":{"rendered":"https:\/\/www.cicciohotel.com\/?page_id=3139"},"modified":"2026-03-03T11:25:44","modified_gmt":"2026-03-03T10:25:44","slug":"das-erste-family-hotel-das-von-einem-kaninchen-gefuehrt-wird","status":"publish","type":"page","link":"https:\/\/www.cicciohotel.com\/de\/","title":{"rendered":"Das erste Family Hotel, das von einem Kaninchen gef\u00fchrt wird!"},"content":{"rendered":"<p>Also, von mir gef\u00fchrt \u2013 von Ciccio!<\/p>\n<p>Ein Hotel, das von einem Kaninchen gef\u00fchrt wird \u2013 das hat noch niemand gesehen, ich wei\u00df. Aber hier ist nichts gew\u00f6hnlich. Deshalb ist der Spa\u00df garantiert. Mehr noch: super-mega-ultra garantiert!<\/p>\n<p><strong>Und was bedeutet super-mega-ultra?<\/strong><\/p>\n<p>Erstens: In diesem Family Hotel findest du das Kaninchendorf (!), den Pool, aufblasbare Spielger\u00e4te, Themenzimmer, eine kostenlose Bar rund um die Uhr und All-Inclusive-Leistungen, die wirklich beeindrucken! Au\u00dferdem liegt das Hotel nur 50 Meter vom Meer entfernt. Das hei\u00dft, man geht zu Fu\u00df an den Strand \u2013 sch\u00f6n, oder? Ich h\u00fcpfe nat\u00fcrlich dorthin&#8230;<\/p>\n<h2>Family Hotel<\/h2>\n<p>Ein Hotel f\u00fcr Familien, aber vor allem f\u00fcr Kinder!<\/p>\n<p>Alle Dienstleistungen, die Eltern dabei helfen, einen sorgenfreien Urlaub zu verbringen, sind vorhanden \u2013 wirklich alle. Denk daran, was du brauchst \u2013 es ist bestimmt da. Und wenn etwas Besonderes fehlen sollte, stehe ich bereit, um zu helfen.<\/p>\n<h2>Dienstleistungen f\u00fcr Familien<\/h2>\n<p>Zwei Kinder bis 18 Jahre haben immer freien Eintritt. Mit dem Family All-Inclusive-Paket ist alles inklusive: \u00dcbernachtung, Fr\u00fchst\u00fcck, Mittagessen, Abendessen, Snack, Getr\u00e4nke, Animation, Strand \u2013 keine \u00dcberraschungen, keine Extras. Das Portemonnaie braucht man praktisch nie.<\/p>\n","protected":false},"excerpt":{"rendered":"<p>Also, von mir gef\u00fchrt \u2013 von Ciccio! Ein Hotel, das von einem Kaninchen gef\u00fchrt wird \u2013 das hat noch niemand gesehen, ich wei\u00df. Aber hier ist nichts gew\u00f6hnlich. Deshalb ist der Spa\u00df garantiert. Mehr noch: super-mega-ultra garantiert! Und was bedeutet super-mega-ultra? Erstens: In diesem Family Hotel findest du das Kaninchendorf (!), den Pool, aufblasbare Spielger\u00e4te, [&hellip;]<\/p>\n","protected":false},"author":4,"featured_media":0,"parent":0,"menu_order":33,"comment_status":"closed","ping_status":"closed","template":"","meta":{"_acf_changed":false,"footnotes":""},"class_list":["post-3139","page","type-page","status-publish","hentry"],"acf":[],"_links":{"self":[{"href":"https:\/\/www.cicciohotel.com\/de\/wp-json\/wp\/v2\/pages\/3139","targetHints":{"allow":["GET"]}}],"collection":[{"href":"https:\/\/www.cicciohotel.com\/de\/wp-json\/wp\/v2\/pages"}],"about":[{"href":"https:\/\/www.cicciohotel.com\/de\/wp-json\/wp\/v2\/types\/page"}],"author":[{"embeddable":true,"href":"https:\/\/www.cicciohotel.com\/de\/wp-json\/wp\/v2\/users\/4"}],"replies":[{"embeddable":true,"href":"https:\/\/www.cicciohotel.com\/de\/wp-json\/wp\/v2\/comments?post=3139"}],"version-history":[{"count":4,"href":"https:\/\/www.cicciohotel.com\/de\/wp-json\/wp\/v2\/pages\/3139\/revisions"}],"predecessor-version":[{"id":3400,"href":"https:\/\/www.cicciohotel.com\/de\/wp-json\/wp\/v2\/pages\/3139\/revisions\/3400"}],"wp:attachment":[{"href":"https:\/\/www.cicciohotel.com\/de\/wp-json\/wp\/v2\/media?parent=3139"}],"curies":[{"name":"wp","href":"https:\/\/api.w.org\/{rel}","templated":true}]}}