{"id":3141,"date":"2021-12-20T09:21:54","date_gmt":"2021-12-20T08:21:54","guid":{"rendered":"https:\/\/www.cicciohotel.com\/?page_id=3141"},"modified":"2026-03-03T12:06:25","modified_gmt":"2026-03-03T11:06:25","slug":"family-hotel","status":"publish","type":"page","link":"https:\/\/www.cicciohotel.com\/de\/family-hotel\/","title":{"rendered":"Ciccio Family hotel"},"content":{"rendered":"<p>Das Motto: Spa\u00df. Das zweite Motto: Komfort. Das Ciccio Hotel ist familientauglich \u2013 auch f\u00fcr sehr gro\u00dfe Familien. Hier findest du R\u00e4ume und Leistungen zum Entspannen, Spielen, Spa\u00df haben, dich sicher f\u00fchlen, dich satt essen (zu jeder Uhrzeit) und die sch\u00f6nste Zeit mit den Menschen zu verbringen, die du liebst: Partner, Kinder, Jugendliche, Freunde \u2013 kurz gesagt alle, die mit dir in Misano Adriatico Urlaub machen.<\/p>\n<h2>Also, let&#8217;s have fun!<\/h2>\n<p>Zweitausend Quadratmeter voller Begeisterung: genug Platz zum Lachen, Ausruhen, Entdecken und t\u00e4glich Staunen. Die riesigen aufblasbaren Spielger\u00e4te im Hotelgarten werden deine Kinder begeistern (mir gefallen sie auch sehr!), ganz zu schweigen vom Pool (in verschiedenen Tiefen) und dem Whirlpool \u2013 ideal zum Entspannen und vor allem zum Abk\u00fchlen.<\/p>\n<p>Fast h\u00e4tte ich das Kaninchendorf vergessen! Es ist einer meiner Lieblingspl\u00e4tze (nat\u00fcrlich): Hier k\u00f6nnen Kinder das Leben und die Weichheit kennenlernen, die (bescheiden gesagt) nur Kaninchen haben.<\/p>\n<p>Und dann noch: Stillzimmer, Mini Club und Junior Club! Das sind die Orte, wo Energie und L\u00e4cheln in enormen Mengen verbraucht werden. Minigolf-Duelle, Outdoor-Spiele, schattige Ecken zum Atemholen \u2013 alles im Hotelgel\u00e4nde, sicher und abseits des Trubels. Hier h\u00f6rt das Spielen und der Spa\u00df nie auf.<\/p>\n","protected":false},"excerpt":{"rendered":"<p>Das Motto: Spa\u00df. Das zweite Motto: Komfort. Das Ciccio Hotel ist familientauglich \u2013 auch f\u00fcr sehr gro\u00dfe Familien. Hier findest du R\u00e4ume und Leistungen zum Entspannen, Spielen, Spa\u00df haben, dich sicher f\u00fchlen, dich satt essen (zu jeder Uhrzeit) und die sch\u00f6nste Zeit mit den Menschen zu verbringen, die du liebst: Partner, Kinder, Jugendliche, Freunde \u2013 [&hellip;]<\/p>\n","protected":false},"author":4,"featured_media":3156,"parent":0,"menu_order":17,"comment_status":"closed","ping_status":"closed","template":"","meta":{"_acf_changed":false,"footnotes":""},"class_list":["post-3141","page","type-page","status-publish","has-post-thumbnail","hentry"],"acf":[],"_links":{"self":[{"href":"https:\/\/www.cicciohotel.com\/de\/wp-json\/wp\/v2\/pages\/3141","targetHints":{"allow":["GET"]}}],"collection":[{"href":"https:\/\/www.cicciohotel.com\/de\/wp-json\/wp\/v2\/pages"}],"about":[{"href":"https:\/\/www.cicciohotel.com\/de\/wp-json\/wp\/v2\/types\/page"}],"author":[{"embeddable":true,"href":"https:\/\/www.cicciohotel.com\/de\/wp-json\/wp\/v2\/users\/4"}],"replies":[{"embeddable":true,"href":"https:\/\/www.cicciohotel.com\/de\/wp-json\/wp\/v2\/comments?post=3141"}],"version-history":[{"count":6,"href":"https:\/\/www.cicciohotel.com\/de\/wp-json\/wp\/v2\/pages\/3141\/revisions"}],"predecessor-version":[{"id":3420,"href":"https:\/\/www.cicciohotel.com\/de\/wp-json\/wp\/v2\/pages\/3141\/revisions\/3420"}],"wp:featuredmedia":[{"embeddable":true,"href":"https:\/\/www.cicciohotel.com\/de\/wp-json\/wp\/v2\/media\/3156"}],"wp:attachment":[{"href":"https:\/\/www.cicciohotel.com\/de\/wp-json\/wp\/v2\/media?parent=3141"}],"curies":[{"name":"wp","href":"https:\/\/api.w.org\/{rel}","templated":true}]}}