{"id":3159,"date":"2021-12-20T09:34:29","date_gmt":"2021-12-20T08:34:29","guid":{"rendered":"https:\/\/www.cicciohotel.com\/?page_id=3159"},"modified":"2026-03-19T14:33:06","modified_gmt":"2026-03-19T13:33:06","slug":"pool-und-strand","status":"publish","type":"page","link":"https:\/\/www.cicciohotel.com\/de\/pool-und-strand\/","title":{"rendered":"Pool und Strand"},"content":{"rendered":"<p>Strand oder Pool? Was f\u00fcr eine Frage \u2013 beides! Im Pool gibt es nat\u00fcrlich mehr Ruhe und Privatsph\u00e4re, w\u00e4hrend am Strand bekanntlich mehr Menschen, gr\u00f6\u00dfere R\u00e4ume, das Meer, Muscheln und all die Dinge zu finden sind, die einen Strandurlaub ausmachen. Ich liebe beide Optionen und wechsle zwischen ihnen w\u00e4hrend der Sommertage ab. Im Pool f\u00fchle ich mich mit den verschiedenen Tiefen sehr sicher, aber ich habe auch Spa\u00df daran, \u00fcber den Sand zu rennen. Kurz gesagt: Es ist sch\u00f6n, beide Optionen zur Verf\u00fcgung zu haben.<\/p>\n","protected":false},"excerpt":{"rendered":"<p>Strand oder Pool? Was f\u00fcr eine Frage \u2013 beides! Im Pool gibt es nat\u00fcrlich mehr Ruhe und Privatsph\u00e4re, w\u00e4hrend am Strand bekanntlich mehr Menschen, gr\u00f6\u00dfere R\u00e4ume, das Meer, Muscheln und all die Dinge zu finden sind, die einen Strandurlaub ausmachen. Ich liebe beide Optionen und wechsle zwischen ihnen w\u00e4hrend der Sommertage ab. Im Pool f\u00fchle [&hellip;]<\/p>\n","protected":false},"author":4,"featured_media":3171,"parent":0,"menu_order":16,"comment_status":"closed","ping_status":"closed","template":"","meta":{"_acf_changed":false,"footnotes":""},"class_list":["post-3159","page","type-page","status-publish","has-post-thumbnail","hentry"],"acf":[],"_links":{"self":[{"href":"https:\/\/www.cicciohotel.com\/de\/wp-json\/wp\/v2\/pages\/3159","targetHints":{"allow":["GET"]}}],"collection":[{"href":"https:\/\/www.cicciohotel.com\/de\/wp-json\/wp\/v2\/pages"}],"about":[{"href":"https:\/\/www.cicciohotel.com\/de\/wp-json\/wp\/v2\/types\/page"}],"author":[{"embeddable":true,"href":"https:\/\/www.cicciohotel.com\/de\/wp-json\/wp\/v2\/users\/4"}],"replies":[{"embeddable":true,"href":"https:\/\/www.cicciohotel.com\/de\/wp-json\/wp\/v2\/comments?post=3159"}],"version-history":[{"count":5,"href":"https:\/\/www.cicciohotel.com\/de\/wp-json\/wp\/v2\/pages\/3159\/revisions"}],"predecessor-version":[{"id":3512,"href":"https:\/\/www.cicciohotel.com\/de\/wp-json\/wp\/v2\/pages\/3159\/revisions\/3512"}],"wp:featuredmedia":[{"embeddable":true,"href":"https:\/\/www.cicciohotel.com\/de\/wp-json\/wp\/v2\/media\/3171"}],"wp:attachment":[{"href":"https:\/\/www.cicciohotel.com\/de\/wp-json\/wp\/v2\/media?parent=3159"}],"curies":[{"name":"wp","href":"https:\/\/api.w.org\/{rel}","templated":true}]}}