{"id":3173,"date":"2021-12-20T09:35:40","date_gmt":"2021-12-20T08:35:40","guid":{"rendered":"https:\/\/www.cicciohotel.com\/?page_id=3173"},"modified":"2026-03-03T11:42:18","modified_gmt":"2026-03-03T10:42:18","slug":"gastronomie","status":"publish","type":"page","link":"https:\/\/www.cicciohotel.com\/de\/gastronomie\/","title":{"rendered":"Gastronomie"},"content":{"rendered":"<p>Fr\u00fchst\u00fcck s\u00fc\u00df oder herzhaft? Ich empfehle: beides! Das perfekte Fr\u00fchst\u00fcck ist eines, bei dem nichts fehlt: Cappuccino, Kaffee, Tee, Joghurt, Milch, Croissants, frisches Brot, Eier, Speck, Karotten (die sind haupts\u00e4chlich f\u00fcr mich) und vieles mehr.<\/p>\n<p>Ein gesundes Fr\u00fchst\u00fcck ist das Beste, um einen Tag am Strand oder am Pool zu beginnen \u2013 und hier ist wirklich f\u00fcr jeden Geschmack etwas dabei.<\/p>\n","protected":false},"excerpt":{"rendered":"<p>Fr\u00fchst\u00fcck s\u00fc\u00df oder herzhaft? Ich empfehle: beides! Das perfekte Fr\u00fchst\u00fcck ist eines, bei dem nichts fehlt: Cappuccino, Kaffee, Tee, Joghurt, Milch, Croissants, frisches Brot, Eier, Speck, Karotten (die sind haupts\u00e4chlich f\u00fcr mich) und vieles mehr. Ein gesundes Fr\u00fchst\u00fcck ist das Beste, um einen Tag am Strand oder am Pool zu beginnen \u2013 und hier ist [&hellip;]<\/p>\n","protected":false},"author":4,"featured_media":3181,"parent":0,"menu_order":13,"comment_status":"closed","ping_status":"closed","template":"","meta":{"_acf_changed":false,"footnotes":""},"class_list":["post-3173","page","type-page","status-publish","has-post-thumbnail","hentry"],"acf":[],"_links":{"self":[{"href":"https:\/\/www.cicciohotel.com\/de\/wp-json\/wp\/v2\/pages\/3173","targetHints":{"allow":["GET"]}}],"collection":[{"href":"https:\/\/www.cicciohotel.com\/de\/wp-json\/wp\/v2\/pages"}],"about":[{"href":"https:\/\/www.cicciohotel.com\/de\/wp-json\/wp\/v2\/types\/page"}],"author":[{"embeddable":true,"href":"https:\/\/www.cicciohotel.com\/de\/wp-json\/wp\/v2\/users\/4"}],"replies":[{"embeddable":true,"href":"https:\/\/www.cicciohotel.com\/de\/wp-json\/wp\/v2\/comments?post=3173"}],"version-history":[{"count":3,"href":"https:\/\/www.cicciohotel.com\/de\/wp-json\/wp\/v2\/pages\/3173\/revisions"}],"predecessor-version":[{"id":3410,"href":"https:\/\/www.cicciohotel.com\/de\/wp-json\/wp\/v2\/pages\/3173\/revisions\/3410"}],"wp:featuredmedia":[{"embeddable":true,"href":"https:\/\/www.cicciohotel.com\/de\/wp-json\/wp\/v2\/media\/3181"}],"wp:attachment":[{"href":"https:\/\/www.cicciohotel.com\/de\/wp-json\/wp\/v2\/media?parent=3173"}],"curies":[{"name":"wp","href":"https:\/\/api.w.org\/{rel}","templated":true}]}}