{"id":3283,"date":"2021-12-10T15:52:09","date_gmt":"2021-12-10T14:52:09","guid":{"rendered":"https:\/\/www.cicciohotel.com\/?page_id=3283"},"modified":"2026-03-04T09:20:42","modified_gmt":"2026-03-04T08:20:42","slug":"kinder-und-animation","status":"publish","type":"page","link":"https:\/\/www.cicciohotel.com\/de\/kinder-und-animation\/","title":{"rendered":"Kinder und Animation"},"content":{"rendered":"<p>Kinder sind die wahren Hauptpersonen des Strandurlaubs. Sie sind die wahren Hauptpersonen des Ciccio Hotels. Wirklich. F\u00fcr mich und mein gesamtes Team haben Kinder immer Vorrang. Wenn ich an etwas Wichtiges denke, kommt es immer an zweiter Stelle \u2013 an erster Stelle stehen die Kinder, ihre Sicherheit und ihr Vergn\u00fcgen.<\/p>\n<p>F\u00fcr ihr Wohlbefinden \u2013 und ich gebe zu, auch f\u00fcr das der Eltern \u2013 bieten wir t\u00e4glich einen Animationsservice sowohl im Hotel als auch am Strand an. Sieben Tage die Woche. Dann gibt es den Mini Club, das Territorium, das Kindern von 4 bis 10 Jahren gewidmet und von ihnen dominiert wird; f\u00fcr die \u00fcber Zehnj\u00e4hrigen haben wir uns einen anderen Ort ausgedacht: den Junior Club. Ich muss zugeben, dass ich auch viele Eltern in diesen beiden Bereichen Spa\u00df haben gesehen habe \u2013 aber ich nenne keine Namen.<\/p>\n<p>Wir denken auch an die M\u00fctter, mit einer K\u00fcche f\u00fcr die Kochstars. Dieser Raum ist t\u00e4glich verf\u00fcgbar, und jeden Tag sind auch Gem\u00fcsep\u00fcrees, Gem\u00fcsebr\u00fchen und HIPP-Gl\u00e4schen verf\u00fcgbar (Dinge, die immer n\u00fctzlich sind).<\/p>\n<p>Der Spa\u00df geht weiter mit dem Kaninchendorf, wo man die Ciccio Experience erleben kann: Bring deine Kinder zu einem kleinen Bauernhof, damit sie die (fantastische) Welt der Kaninchen kennenlernen.<\/p>\n<p>Mitte des Nachmittags, bevor es wieder in den Pool oder zu den aufblasbaren Spielger\u00e4ten geht, ist eine kurze Pause f\u00fcr einen kleinen Snack gar nicht so schlecht \u2013 \u00fcberhaupt nicht. Also: Snackzeit!<\/p>\n<p>Und im Restaurant: ein Kindermen\u00fc!<\/p>\n<p>Ja, wir haben auch an ein Kids-Men\u00fc mit einfachen und leckeren Gerichten gedacht, die alle Kinder m\u00f6gen.<\/p>\n","protected":false},"excerpt":{"rendered":"<p>Kinder sind die wahren Hauptpersonen des Strandurlaubs. Sie sind die wahren Hauptpersonen des Ciccio Hotels. Wirklich. F\u00fcr mich und mein gesamtes Team haben Kinder immer Vorrang. Wenn ich an etwas Wichtiges denke, kommt es immer an zweiter Stelle \u2013 an erster Stelle stehen die Kinder, ihre Sicherheit und ihr Vergn\u00fcgen. F\u00fcr ihr Wohlbefinden \u2013 und [&hellip;]<\/p>\n","protected":false},"author":4,"featured_media":3286,"parent":0,"menu_order":31,"comment_status":"closed","ping_status":"closed","template":"","meta":{"_acf_changed":false,"footnotes":""},"class_list":["post-3283","page","type-page","status-publish","has-post-thumbnail","hentry"],"acf":[],"_links":{"self":[{"href":"https:\/\/www.cicciohotel.com\/de\/wp-json\/wp\/v2\/pages\/3283","targetHints":{"allow":["GET"]}}],"collection":[{"href":"https:\/\/www.cicciohotel.com\/de\/wp-json\/wp\/v2\/pages"}],"about":[{"href":"https:\/\/www.cicciohotel.com\/de\/wp-json\/wp\/v2\/types\/page"}],"author":[{"embeddable":true,"href":"https:\/\/www.cicciohotel.com\/de\/wp-json\/wp\/v2\/users\/4"}],"replies":[{"embeddable":true,"href":"https:\/\/www.cicciohotel.com\/de\/wp-json\/wp\/v2\/comments?post=3283"}],"version-history":[{"count":3,"href":"https:\/\/www.cicciohotel.com\/de\/wp-json\/wp\/v2\/pages\/3283\/revisions"}],"predecessor-version":[{"id":3484,"href":"https:\/\/www.cicciohotel.com\/de\/wp-json\/wp\/v2\/pages\/3283\/revisions\/3484"}],"wp:featuredmedia":[{"embeddable":true,"href":"https:\/\/www.cicciohotel.com\/de\/wp-json\/wp\/v2\/media\/3286"}],"wp:attachment":[{"href":"https:\/\/www.cicciohotel.com\/de\/wp-json\/wp\/v2\/media?parent=3283"}],"curies":[{"name":"wp","href":"https:\/\/api.w.org\/{rel}","templated":true}]}}